{"id":295,"date":"2015-11-17T17:38:33","date_gmt":"2015-11-17T16:38:33","guid":{"rendered":"http:\/\/carsten-friedrichs.de\/en\/?page_id=295"},"modified":"2015-11-17T17:48:56","modified_gmt":"2015-11-17T16:48:56","slug":"privacy-policy","status":"publish","type":"page","link":"http:\/\/carsten-friedrichs.de\/en\/privacy-policy\/","title":{"rendered":"Privacy policy"},"content":{"rendered":"<div class=\"flex_column av_one_full  flex_column_div av-zero-column-padding first  avia-builder-el-0  avia-builder-el-no-sibling  \" style='border-radius:0px; '><section class=\"av_textblock_section \"  itemscope=\"itemscope\" itemtype=\"https:\/\/schema.org\/CreativeWork\" ><div class='avia_textblock  '   itemprop=\"text\" ><h2><strong>Datenschutz<\/strong><\/h2>\n<p>Die Nutzung unserer Webseite ist in der Regel ohne Angabe personenbezogener Daten m\u00f6glich. Soweit auf unseren Seiten personenbezogene Daten (beispielsweise Name,<br \/>\nAnschrift oder eMail-Adressen) erhoben werden, erfolgt dies, soweit m\u00f6glich, stets auf freiwilliger Basis. Diese Daten werden ohne Ihre ausdr\u00fcckliche Zustimmung nicht an Dritte weitergegeben.<\/p>\n<p>Wir weisen darauf hin, dass die Daten\u00fcbertragung im Internet (z.B.\u00a0bei der Kommunikation per E-Mail) Sicherheitsl\u00fccken aufweisen kann.\u00a0Ein l\u00fcckenloser Schutz der Daten vor dem Zugriff durch Dritte ist nicht\u00a0m\u00f6glich.<\/p>\n<p>Der Nutzung von im Rahmen der Impressumspflicht ver\u00f6ffentlichten Kontaktdaten\u00a0durch Dritte zur \u00dcbersendung von nicht ausdr\u00fccklich angeforderter\u00a0Werbung und Informationsmaterialien wird hiermit ausdr\u00fccklich widersprochen.\u00a0Die Betreiber der Seiten behalten sich ausdr\u00fccklich rechtliche Schritte\u00a0im Falle der unverlangten Zusendung von Werbeinformationen, etwa durch Spam-Mails,\u00a0vor.<\/p>\n<p><strong>Datenschutzerkl\u00e4rung f\u00fcr die Nutzung von Facebook-Plugins\u00a0(Like-Button)<\/strong><\/p>\n<p>Auf unseren Seiten sind Plugins des sozialen Netzwerks Facebook\u00a0(Facebook Inc., 1601 Willow Road, Menlo Park, California, 94025, USA) integriert.\u00a0Die Facebook-Plugins erkennen Sie an dem Facebook-Logo oder\u00a0dem &#8220;Like-Button&#8221; (&#8220;Gef\u00e4llt mir&#8221;) auf unserer Seite. Eine \u00dcbersicht\u00a0\u00fcber die Facebook-Plugins finden Sie hier:\u00a0<a href=\"http:\/\/developers.facebook.com\/docs\/plugins\/\" target=\"_blank\" rel=\"noopener\">http:\/\/developers.facebook.com\/docs\/plugins\/<\/a>.<\/p>\n<p>Wenn Sie unsere Seiten\u00a0besuchen, wird \u00fcber das Plugin eine direkte Verbindung zwischen Ihrem\u00a0Browser und dem Facebook-Server hergestellt. Facebook erh\u00e4lt dadurch<br \/>\ndie Information, dass Sie mit Ihrer IP-Adresse unsere Seite\u00a0besucht haben. Wenn Sie den Facebook &#8220;Like-Button&#8221; anklicken w\u00e4hrend\u00a0Sie in Ihrem Facebook-Account eingeloggt sind, k\u00f6nnen Sie die Inhalte\u00a0unserer Seiten auf Ihrem Facebook-Profil verlinken. Dadurch kann\u00a0Facebook den Besuch unserer Seiten Ihrem Benutzerkonto zuordnen. Wir\u00a0weisen darauf hin, dass wir als Anbieter der Seiten keine Kenntnis vom\u00a0Inhalt der \u00fcbermittelten Daten sowie deren Nutzung durch Facebook\u00a0erhalten. Weitere Informationen hierzu finden Sie in der\u00a0Datenschutzerkl\u00e4rung von facebook unter<br \/>\n<a href=\"http:\/\/de-de.facebook.com\/policy.php\" target=\"_blank\" rel=\"noopener\"><br \/>\nhttp:\/\/de-de.facebook.com\/policy.php<\/a><\/p>\n<p>Wenn Sie nicht w\u00fcnschen, dass Facebook den Besuch unserer Seiten Ihrem\u00a0Facebook-Nutzerkonto zuordnen kann, loggen Sie sich bitte aus Ihrem\u00a0Facebook-Benutzerkonto aus.<\/p>\n<p><strong>Datenschutzerkl\u00e4rung f\u00fcr die Nutzung von Google Analytics<\/strong><\/p>\n<p>Diese Website benutzt Google Analytics, einen Webanalysedienst der Google Inc. (&#8220;Google&#8221;). Google Analytics verwendet sog. &#8220;Cookies&#8221;, Textdateien, die auf Ihrem Computer gespeichert werden und die eine Analyse der Benutzung der Website durch Sie erm\u00f6glichen. Die durch den Cookie erzeugten Informationen \u00fcber Ihre Benutzung dieser Website werden in der Regel an einen Server von Google in den USA \u00fcbertragen und dort gespeichert. Im Falle der Aktivierung der IP-Anonymisierung auf dieser Webseite wird Ihre IP-Adresse von Google jedoch innerhalb von Mitgliedstaaten der Europ\u00e4ischen Union oder in anderen Vertragsstaaten des Abkommens \u00fcber den Europ\u00e4ischen Wirtschaftsraum zuvor gek\u00fcrzt.<\/p>\n<p>Nur in Ausnahmef\u00e4llen wird die volle IP-Adresse an einen Server von Google in den USA \u00fcbertragen und dort gek\u00fcrzt. Im Auftrag des Betreibers dieser Website wird Google diese Informationen benutzen, um Ihre Nutzung der Website auszuwerten, um Reports \u00fcber die Websiteaktivit\u00e4ten zusammenzustellen und um weitere mit der Websitenutzung und der Internetnutzung verbundene Dienstleistungen gegen\u00fcber dem Websitebetreiber zu erbringen. Die im Rahmen von Google Analytics von Ihrem Browser \u00fcbermittelte IP-Adresse wird nicht mit anderen Daten von Google zusammengef\u00fchrt.<\/p>\n<p>Sie k\u00f6nnen die Speicherung der Cookies durch eine entsprechende Einstellung Ihrer Browser-Software verhindern; wir weisen Sie jedoch darauf hin, dass Sie in diesem Fall gegebenenfalls nicht s\u00e4mtliche Funktionen dieser Website vollumf\u00e4nglich werden nutzen k\u00f6nnen. Sie k\u00f6nnen dar\u00fcber hinaus die Erfassung der durch das Cookie erzeugten und auf Ihre Nutzung der Website bezogenen Daten (inkl. Ihrer IP-Adresse) an Google sowie die Verarbeitung dieser Daten durch Google verhindern, indem sie das unter dem folgenden Link verf\u00fcgbare Browser-Plugin herunterladen und installieren:\u00a0<a href=\"http:\/\/tools.google.com\/dlpage\/gaoptout?hl=de\">http:\/\/tools.google.com\/dlpage\/gaoptout?hl=de<\/a>.<\/p>\n<p><strong>Datenschutzerkl\u00e4rung f\u00fcr die Nutzung von Google +1<\/strong><\/p>\n<p><i>Erfassung und Weitergabe von Informationen:<\/i><\/p>\n<p>Mithilfe der Google +1-Schaltfl\u00e4che k\u00f6nnen Sie Informationen weltweit\u00a0ver\u00f6ffentlichen. \u00dcber die Google\u00a0+1-Schaltfl\u00e4che erhalten Sie und andere\u00a0Nutzer personalisierte Inhalte von Google und unseren Partnern. Google\u00a0speichert sowohl die Information, dass Sie f\u00fcr einen Inhalt +1 gegeben\u00a0haben, als auch Informationen \u00fcber die Seite, die Sie beim Klicken auf\u00a0+1 angesehen haben. Ihre +1 k\u00f6nnen als Hinweise zusammen mit Ihrem\u00a0Profilnamen und Ihrem Foto in Google-Diensten, wie etwa in\u00a0Suchergebnissen oder in Ihrem Google-Profil, oder an anderen Stellen auf\u00a0Websites und Anzeigen im Internet eingeblendet werden.<\/p>\n<p>Google zeichnet Informationen \u00fcber Ihre +1-Aktivit\u00e4ten auf, um die\u00a0Google-Dienste f\u00fcr Sie und andere zu verbessern. Um die Google\u00a0+1-Schaltfl\u00e4che\u00a0verwenden zu k\u00f6nnen, ben\u00f6tigen Sie ein weltweit\u00a0sichtbares, \u00f6ffentliches Google-Profil, das zumindest den f\u00fcr das\u00a0Profil gew\u00e4hlten Namen enthalten muss. Dieser Name wird in allen<br \/>\nGoogle-Diensten verwendet. In manchen F\u00e4llen kann dieser Name auch\u00a0einen anderen Namen ersetzen, den Sie beim Teilen von Inhalten \u00fcber\u00a0Ihr Google-Konto verwendet haben. Die Identit\u00e4t Ihres Google-Profils\u00a0kann Nutzern angezeigt werden, die Ihre E-Mail-Adresse kennen oder\u00a0\u00fcber andere identifizierende Informationen von Ihnen verf\u00fcgen.<\/p>\n<p><i>Verwendung der erfassten Informationen:<\/i><\/p>\n<p>Neben den oben erl\u00e4uterten Verwendungszwecken werden die von Ihnen\u00a0bereitgestellten Informationen gem\u00e4\u00df den geltenden\u00a0Google-Datenschutzbestimmungen genutzt. Google ver\u00f6ffentlicht\u00a0m\u00f6glicherweise zusammengefasste Statistiken \u00fcber die +1-Aktivit\u00e4ten\u00a0der Nutzer bzw. gibt diese an Nutzer und Partner weiter, wie etwa\u00a0Publisher, Inserenten oder verbundene Websites.<\/p>\n<p><strong>Datenschutzerkl\u00e4rung f\u00fcr die Nutzung von Twitter<\/strong><\/p>\n<p>Auf unseren Seiten sind Funktionen des Dienstes Twitter eingebunden.\u00a0Diese Funktionen werden angeboten durch die Twitter Inc., Twitter, Inc.\u00a01355 Market St, Suite 900, San Francisco, CA 94103, USA. Durch das Benutzen\u00a0von Twitter und der Funktion &#8220;Re-Tweet&#8221; werden die von Ihnen\u00a0besuchten Webseiten mit Ihrem Twitter-Account verkn\u00fcpft und anderen\u00a0Nutzern bekannt gegeben. Dabei werden auch Daten an Twitter \u00fcbertragen.<\/p>\n<p>Wir weisen darauf hin, dass wir als Anbieter der Seiten keine\u00a0Kenntnis vom Inhalt der \u00fcbermittelten Daten sowie deren Nutzung durch\u00a0Twitter erhalten. Weitere Informationen hierzu finden Sie in der\u00a0Datenschutzerkl\u00e4rung von Twitter unter<br \/>\n<a href=\"http:\/\/twitter.com\/privacy\" target=\"_blank\" rel=\"noopener\">http:\/\/twitter.com\/privacy<\/a>.<\/p>\n<p>Ihre Datenschutzeinstellungen bei Twitter k\u00f6nnen Sie in den\u00a0Konto-Einstellungen unter<br \/>\n<a href=\"http:\/\/twitter.com\/account\/settings\" target=\"_blank\" rel=\"noopener\">http:\/\/twitter.com\/account\/settings<\/a>\u00a0\u00e4ndern.<\/p>\n<p><strong>Datenschutzerkl\u00e4rung f\u00fcr die Nutzung von Xing<\/strong><\/p>\n<p>Unsere Webseite nutzt Funktionen des Netzwerks XING. Anbieter ist die XING AG, Dammtorstra\u00dfe 29-32, 20354 Hamburg, Deutschland. Bei jedem Abruf einer unserer Seiten, die Funktionen von Xing enth\u00e4lt, wird eine Verbindung zu Servern von Xing hergestellt. Eine Speicherung von personenbezogenen Daten erfolgt dabei nach unserer Kenntnis nicht. Insbesondere werden keine IP-Adressen gespeichert oder das Nutzungsverhalten ausgewertet.<\/p>\n<p>Weitere Information zum Datenschutz und dem Xing Share-Button finden Sie in der Datenschutzerkl\u00e4rung von Xing unter\u00a0<a href=\"https:\/\/www.xing.com\/app\/share?op=data_protection\">https:\/\/www.xing.com\/app\/share?op=data_protection<\/a><\/p>\n<p><strong>Datenschutzerkl\u00e4rung f\u00fcr die Nutzung von\u00a0LinkedIn<\/strong><\/p>\n<p>Wir setzen auf unserer Seite Komponenten des Netzwerks LinkedIn ein. LinkedIn ist ein Service der LinkedIn Corporation, 2029 Stierlin Court, Mountain View, CA 94043, USA. Bei jedem einzelnen Abruf unserer Webseite, die mit einer solchen Komponente ausgestattet ist, veranlasst diese Komponente, dass der von Ihnen verwendete Browser eine entsprechende Darstellung der Komponente von LinkedIn herunterl\u00e4dt.<\/p>\n<p>Durch diesen Vorgang wird LinkedIn dar\u00fcber in Kenntnis gesetzt, welche konkrete Seite unserer Internetpr\u00e4senz gerade besucht wird. Wenn Sie den LinkedIn \u201eRecommend-Button\u201c anklicken w\u00e4hrend Sie in Ihrem LinkedIn-Account eingeloggt sind, k\u00f6nnen Sie die Inhalte unserer Seiten auf Ihrem LinkedIn-Profil verlinken. Dadurch ist LinkedIn in der Lage, den Besuch unserer Seiten Ihrem LinkedIn-Benutzerkonto zuordnen.<\/p>\n<p>Wir haben weder Einfluss auf die Daten, die LinkedIn hierdurch erhebt, noch \u00fcber den Umfang dieser durch LinkedIn erhobenen Daten. Auch haben wir keine Kenntnis vom Inhalt der an LinkedIn \u00fcbermittelten Daten. Details zur Datenerhebung durch LinkedIn sowie zu Ihren Rechten und Einstellungsm\u00f6glichkeiten k\u00f6nnen Sie den Datenschutzhinweisen von LinkedIn entnehmen. Diese Hinweise finden Sie unter\u00a0<a href=\"http:\/\/www.linkedin.com\/legal\/privacy-policy\" target=\"_blank\" rel=\"nofollow noopener\">http:\/\/www.linkedin.com\/legal\/privacy-policy<\/a><\/p>\n<p><strong>Auskunft, L\u00f6schung, Sperrung<\/strong><\/p>\n<p>Sie haben jederzeit das Recht auf unentgeltliche Auskunft \u00fcber Ihre gespeicherten personenbezogenen Daten,\u00a0deren Herkunft und Empf\u00e4nger und den Zweck der Datenverarbeitung sowie ein Recht auf Berichtigung, Sperrung\u00a0oder L\u00f6schung dieser Daten. Hierzu sowie zu weiteren Fragen zum Thema personenbezogene Daten k\u00f6nnen Sie sich\u00a0jederzeit \u00fcber die im Impressum angegeben Adresse des Webseitenbetreibers an uns wenden.<\/p>\n<p><i>Quellenangabe:\u00a0<a href=\"http:\/\/www.e-recht24.de\/muster-datenschutzerklaerung.html\" target=\"_blank\" rel=\"nofollow noopener\">eRecht24<\/a>,\u00a0<a href=\"https:\/\/www.ratgeberrecht.eu\/leistungen\/muster-datenschutzerklaerung.html\" target=\"_blank\" rel=\"noopener\">Muster-Datenschutzerkl\u00e4rung<\/a>\u00a0der Anwaltskanzlei Wei\u00df &amp; Partner<\/i><\/p>\n<\/div><\/section><\/div>\n<div class=\"twoclick_social_bookmarks_post_295 social_share_privacy clearfix 1.6.4 locale-en_US sprite-de_DE\"><\/div><div class=\"twoclick-js\"><script type=\"text\/javascript\">\/* <![CDATA[ *\/\njQuery(document).ready(function($){if($('.twoclick_social_bookmarks_post_295')){$('.twoclick_social_bookmarks_post_295').socialSharePrivacy({\"services\":{\"facebook\":{\"status\":\"on\",\"txt_info\":\"2 Klicks f\\u00fcr mehr Datenschutz: Erst wenn Sie hier klicken, wird der Button aktiv und Sie k\\u00f6nnen Ihre Empfehlung an Facebook senden. Schon beim Aktivieren werden Daten an Dritte \\u00fcbertragen - siehe <em>i<\\\/em>.\",\"perma_option\":\"off\",\"action\":\"recommend\",\"language\":\"de_DE\"},\"twitter\":{\"reply_to\":\"DrCFriedrichs\",\"tweet_text\":\"Privacy%20policy%20%C2%BB%20Dr.%20Carsten%20Friedrichs\",\"status\":\"on\",\"txt_info\":\"2 Klicks f\\u00fcr mehr Datenschutz: Erst wenn Sie hier klicken, wird der Button aktiv und Sie k\\u00f6nnen Ihre Empfehlung an Twitter senden. Schon beim Aktivieren werden Daten an Dritte \\u00fcbertragen - siehe <em>i<\\\/em>.\",\"perma_option\":\"off\",\"language\":\"de\",\"referrer_track\":\"\"},\"gplus\":{\"status\":\"on\",\"txt_info\":\"2 Klicks f\\u00fcr mehr Datenschutz: Erst wenn Sie hier klicken, wird der Button aktiv und Sie k\\u00f6nnen Ihre Empfehlung an Google+ senden. Schon beim Aktivieren werden Daten an Dritte \\u00fcbertragen - siehe <em>i<\\\/em>.\",\"perma_option\":\"off\",\"referrer_track\":\"\"},\"xing\":{\"status\":\"on\",\"txt_info\":\"2 Klicks f\\u00fcr mehr Datenschutz: Erst wenn Sie hier klicken, wird der Button aktiv und Sie k\\u00f6nnen Ihre Empfehlung an Xing senden. Schon beim Aktivieren werden Daten an Dritte \\u00fcbertragen - siehe <em>i<\\\/em>.\",\"perma_option\":\"off\",\"language\":\"de\",\"referrer_track\":\"\"},\"linkedin\":{\"status\":\"on\",\"txt_info\":\"2 Klicks f\\u00fcr mehr Datenschutz: Erst wenn Sie hier klicken, wird der Button aktiv und Sie k\\u00f6nnen Ihre Empfehlung an LinkedIn senden. Schon beim Aktivieren werden Daten an Dritte \\u00fcbertragen - siehe <em>i<\\\/em>.\",\"perma_option\":\"off\"}},\"txt_help\":\"Wenn Sie diese Felder durch einen Klick aktivieren, werden Informationen an Facebook, Twitter, Flattr, Xing, t3n, LinkedIn, Pinterest oder Google eventuell ins Ausland \\u00fcbertragen und unter Umst\\u00e4nden auch dort gespeichert. N\\u00e4heres erfahren Sie durch einen Klick auf das <em>i<\\\/em>.\",\"settings_perma\":\"Dauerhaft aktivieren und Daten\\u00fcber-tragung zustimmen:\",\"info_link\":\"http:\\\/\\\/www.heise.de\\\/ct\\\/artikel\\\/2-Klicks-fuer-mehr-Datenschutz-1333879.html\",\"uri\":\"http:\\\/\\\/carsten-friedrichs.de\\\/en\\\/privacy-policy\\\/\",\"post_id\":295,\"post_title_referrer_track\":\"Privacy+policy\",\"display_infobox\":\"on\"});}});\n\/* ]]> *\/<\/script><\/div>","protected":false},"excerpt":{"rendered":"","protected":false},"author":1,"featured_media":0,"parent":0,"menu_order":0,"comment_status":"closed","ping_status":"closed","template":"","meta":{"footnotes":""},"class_list":["post-295","page","type-page","status-publish","hentry"],"_links":{"self":[{"href":"http:\/\/carsten-friedrichs.de\/en\/wp-json\/wp\/v2\/pages\/295\/"}],"collection":[{"href":"http:\/\/carsten-friedrichs.de\/en\/wp-json\/wp\/v2\/pages\/"}],"about":[{"href":"http:\/\/carsten-friedrichs.de\/en\/wp-json\/wp\/v2\/types\/page\/"}],"author":[{"embeddable":true,"href":"http:\/\/carsten-friedrichs.de\/en\/wp-json\/wp\/v2\/users\/1\/"}],"replies":[{"embeddable":true,"href":"http:\/\/carsten-friedrichs.de\/en\/wp-json\/wp\/v2\/comments\/?post=295"}],"version-history":[{"count":2,"href":"http:\/\/carsten-friedrichs.de\/en\/wp-json\/wp\/v2\/pages\/295\/revisions\/"}],"predecessor-version":[{"id":1389,"href":"http:\/\/carsten-friedrichs.de\/en\/wp-json\/wp\/v2\/pages\/295\/revisions\/1389\/"}],"wp:attachment":[{"href":"http:\/\/carsten-friedrichs.de\/en\/wp-json\/wp\/v2\/media\/?parent=295"}],"curies":[{"name":"wp","href":"https:\/\/api.w.org\/{rel}","templated":true}]}}